{"id":580,"date":"2008-03-31T13:16:14","date_gmt":"2008-03-31T11:16:14","guid":{"rendered":"http:\/\/www.dioptrin.de\/m\/hello\/?page_id=580"},"modified":"2008-03-31T13:16:14","modified_gmt":"2008-03-31T11:16:14","slug":"about-2","status":"publish","type":"page","link":"https:\/\/dioptrin.de\/m\/hello\/about-2\/","title":{"rendered":"about"},"content":{"rendered":"<p>Der Inhaber der Webseite www.dioptrin.de\/m\/hello distanziert sich ausdr\u00fccklich von auf dem Weblog geposteten Bild-, Ton,- und Videomaterial.<br \/>\nAlle ver\u00f6ffentlichten Beitr\u00e4ge liegen in der Verantwortlichkeit des Autors. Demnach werden im Falle einer Haftbarkeit die Autoren selbst zur Verantwortung gezogen.<\/p>\n","protected":false},"excerpt":{"rendered":"<p>Der Inhaber der Webseite www.dioptrin.de\/m\/hello distanziert sich ausdr\u00fccklich von auf dem Weblog geposteten Bild-, Ton,- und Videomaterial. Alle ver\u00f6ffentlichten Beitr\u00e4ge liegen in der Verantwortlichkeit des Autors. Demnach werden im Falle einer Haftbarkeit die Autoren selbst zur Verantwortung gezogen.<\/p>\n","protected":false},"author":1,"featured_media":0,"parent":0,"menu_order":0,"comment_status":"open","ping_status":"closed","template":"","meta":{"footnotes":""},"class_list":["post-580","page","type-page","status-publish","hentry"],"_links":{"self":[{"href":"https:\/\/dioptrin.de\/m\/hello\/wp-json\/wp\/v2\/pages\/580","targetHints":{"allow":["GET"]}}],"collection":[{"href":"https:\/\/dioptrin.de\/m\/hello\/wp-json\/wp\/v2\/pages"}],"about":[{"href":"https:\/\/dioptrin.de\/m\/hello\/wp-json\/wp\/v2\/types\/page"}],"author":[{"embeddable":true,"href":"https:\/\/dioptrin.de\/m\/hello\/wp-json\/wp\/v2\/users\/1"}],"replies":[{"embeddable":true,"href":"https:\/\/dioptrin.de\/m\/hello\/wp-json\/wp\/v2\/comments?post=580"}],"version-history":[{"count":0,"href":"https:\/\/dioptrin.de\/m\/hello\/wp-json\/wp\/v2\/pages\/580\/revisions"}],"wp:attachment":[{"href":"https:\/\/dioptrin.de\/m\/hello\/wp-json\/wp\/v2\/media?parent=580"}],"curies":[{"name":"wp","href":"https:\/\/api.w.org\/{rel}","templated":true}]}}